{"id":36,"date":"2022-06-09T12:10:33","date_gmt":"2022-06-09T10:10:33","guid":{"rendered":"https:\/\/www.b-bot.com\/?page_id=36"},"modified":"2022-06-09T12:10:33","modified_gmt":"2022-06-09T10:10:33","slug":"mentions-legales","status":"publish","type":"page","link":"https:\/\/b-bot.com\/fr\/mentions-legales\/","title":{"rendered":"Mentions l\u00e9gales"},"content":{"rendered":"\n<h2>Greenbig SAS<\/h2>\n\n\n\n<p>Pr\u00e9sident : Benoit Paget<br>R.C.S. de Rouen<br>Capital : 339 707 \u20ac<br>Code APE : 3821Z<br>Siren : 833953631<br>Si\u00e8ge social : 107 quai Jean de B\u00e9thencourt C\/O Village By CA, 76100 Rouen<br>TVA intracom. : FR45833953631<\/p>\n\n\n\n<h3><strong>H\u00e9bergement<\/strong><\/h3>\n\n\n\n<p>OVH, 2 rue Kellermann BP 80157<br>59053 Roubaix cedex 1<\/p>\n\n\n\n<h3><strong>Contact<\/strong><\/h3>\n\n\n\n<p>GreenBig \u2013 107 quai Jean de B\u00e9thencourt C\/O Village By CA, 76100 Rouen<br>T\u00e9l\u00e9phone : 01 84 60 63 68<br>E-mail : info@b-bot.com<\/p>\n\n\n\n<h3><strong>Formulaire de contact<\/strong><\/h3>\n\n\n\n<p>Si vous remplissez le formulaire de contact, il vous sera propos\u00e9 d\u2019enregistrer votre nom, adresse de messagerie, soci\u00e9t\u00e9, objet de la demande et message souhait\u00e9.<br>GreenBig s\u2019engage \u00e0 prot\u00e9ger vos donn\u00e9es et \u00e0 utiliser ce formulaire de contact uniquement pour communiquer sur les diff\u00e9rentes demandes \u00e9mises.<\/p>\n\n\n\n<h3><strong>Google Analytics<\/strong><\/h3>\n\n\n\n<p>Notre \u00e9quipe digital utilise des outils d\u2019analyse de trafic sur ce site li\u00e9s \u00e0 son utilisation.<br>Nous r\u00e9coltons donc des donn\u00e9es statistiques et d\u00e9mographiques : celles-ci sont uniquement utilis\u00e9es en interne dans une logique d\u2019am\u00e9lioration de notre plateforme.<\/p>\n","protected":false},"excerpt":{"rendered":"<p>Greenbig SAS Pr\u00e9sident : Benoit PagetR.C.S. de RouenCapital : 339 707 \u20acCode APE : 3821ZSiren : 833953631Si\u00e8ge social : 107 quai Jean de B\u00e9thencourt C\/O Village By CA, 76100 RouenTVA intracom. : FR45833953631 H\u00e9bergement OVH, 2 rue Kellermann BP 8015759053 Roubaix cedex 1 Contact GreenBig \u2013 107 quai Jean de B\u00e9thencourt C\/O Village By CA, [&hellip;]<\/p>\n","protected":false},"author":1,"featured_media":0,"parent":0,"menu_order":0,"comment_status":"closed","ping_status":"closed","template":"","meta":[],"acf":[],"_links":{"self":[{"href":"https:\/\/b-bot.com\/fr\/wp-json\/wp\/v2\/pages\/36"}],"collection":[{"href":"https:\/\/b-bot.com\/fr\/wp-json\/wp\/v2\/pages"}],"about":[{"href":"https:\/\/b-bot.com\/fr\/wp-json\/wp\/v2\/types\/page"}],"author":[{"embeddable":true,"href":"https:\/\/b-bot.com\/fr\/wp-json\/wp\/v2\/users\/1"}],"replies":[{"embeddable":true,"href":"https:\/\/b-bot.com\/fr\/wp-json\/wp\/v2\/comments?post=36"}],"version-history":[{"count":1,"href":"https:\/\/b-bot.com\/fr\/wp-json\/wp\/v2\/pages\/36\/revisions"}],"predecessor-version":[{"id":37,"href":"https:\/\/b-bot.com\/fr\/wp-json\/wp\/v2\/pages\/36\/revisions\/37"}],"wp:attachment":[{"href":"https:\/\/b-bot.com\/fr\/wp-json\/wp\/v2\/media?parent=36"}],"curies":[{"name":"wp","href":"https:\/\/api.w.org\/{rel}","templated":true}]}}