{"id":1833,"date":"2022-09-15T15:25:22","date_gmt":"2022-09-15T13:25:22","guid":{"rendered":"https:\/\/www.b-bot.com\/?page_id=1833"},"modified":"2025-07-07T16:02:15","modified_gmt":"2025-07-07T14:02:15","slug":"recycler-et-gagner","status":"publish","type":"page","link":"https:\/\/b-bot.com\/fr\/recycler-et-gagner\/","title":{"rendered":"Recycler et gagner"},"content":{"rendered":"\t\t<div data-elementor-type=\"wp-page\" data-elementor-id=\"1833\" class=\"elementor elementor-1833\">\n\t\t\t\t\t\t\t<div class=\"elementor-element elementor-element-2a57a05c e-con-boxed e-con\" data-id=\"2a57a05c\" data-element_type=\"container\" data-settings=\"{&quot;content_width&quot;:&quot;boxed&quot;}\">\n\t\t\t\t\t<div class=\"e-con-inner\">\n\t\t\t\t<div class=\"elementor-element elementor-element-19d00d4c elementor-invisible elementor-widget elementor-widget-text-editor\" data-id=\"19d00d4c\" data-element_type=\"widget\" data-settings=\"{&quot;_animation&quot;:&quot;fadeInUp&quot;,&quot;_animation_delay&quot;:500}\" data-widget_type=\"text-editor.default\">\n\t\t\t\t<div class=\"elementor-widget-container\">\n\t\t\t<style>\/*! elementor - v3.10.1 - 17-01-2023 *\/\n.elementor-widget-text-editor.elementor-drop-cap-view-stacked .elementor-drop-cap{background-color:#818a91;color:#fff}.elementor-widget-text-editor.elementor-drop-cap-view-framed .elementor-drop-cap{color:#818a91;border:3px solid;background-color:transparent}.elementor-widget-text-editor:not(.elementor-drop-cap-view-default) .elementor-drop-cap{margin-top:8px}.elementor-widget-text-editor:not(.elementor-drop-cap-view-default) .elementor-drop-cap-letter{width:1em;height:1em}.elementor-widget-text-editor .elementor-drop-cap{float:left;text-align:center;line-height:1;font-size:50px}.elementor-widget-text-editor .elementor-drop-cap-letter{display:inline-block}<\/style>\t\t\t\t<p style=\"text-align: center;\">Recycler ses bouteilles<br \/><span style=\"color: #23979a;\">c&rsquo;est simple comme b:bot <\/span><\/p>\t\t\t\t\t\t<\/div>\n\t\t\t\t<\/div>\n\t\t\t\t<div class=\"elementor-element elementor-element-c352b3d elementor-invisible elementor-widget elementor-widget-mt-timeline\" data-id=\"c352b3d\" data-element_type=\"widget\" data-settings=\"{&quot;_animation&quot;:&quot;fadeIn&quot;,&quot;_animation_delay&quot;:1000}\" data-widget_type=\"mt-timeline.default\">\n\t\t\t\t<div class=\"elementor-widget-container\">\n\t\t\t        <div class=\"mt-timeline-wrap mt-timeline-view-left mt-timeline-arrow-top\" data-pagination=\"\" data-orientation=\"left\">\r\n            \r\n                            <div class=\"mt-timeline-blocks\">\r\n                                        <div class=\"mt-timeline-block mt-timeline-block-odd elementor-repeater-item-275438e\" >\r\n\r\n                        <div class=\"mt-timeline-content\">\r\n\r\n                                                        <div class=\"mt-timeline-date\">\r\n                                <span class=\"date\">Triez \u00e0 la maison<\/span>\r\n                            <\/div>\r\n                                                        \r\n                                                        \r\n                                                        <div class=\"mt-timeline-content-text\">\r\n                                Pour vous simplifier la vie, d\u00e9posez vos bouteilles vides directement dans vos sacs de course.\n\nB:bot accepte toutes les bouteilles boissons en PET jusqu\u2019\u00e0 2,5 litres, vides et avec leurs \u00e9tiquettes pour avoir le code-barres qui permet de les reconna\u00eetre.\n\nAfin de produire du plastique d\u00e9coup\u00e9 en petits morceaux 100 % recyclable, b:bot refuse tout ce qui n\u2019est pas en PET (Lait, produits d\u2019entretien, cosm\u00e9tiques). Car ce sont des plastiques qui ne sont pas recyclables ensemble.\n\n<img decoding=\"async\" loading=\"lazy\" class=\"alignnone size-medium wp-image-383 aligncenter\" src=\"\/wp-content\/uploads\/2022\/06\/bbot_process2_left-300x92.png\" alt=\"\" width=\"300\" height=\"92\" srcset=\"https:\/\/b-bot.com\/fr\/wp-content\/uploads\/2022\/06\/bbot_process2_left-300x92.png 300w, https:\/\/b-bot.com\/fr\/wp-content\/uploads\/2022\/06\/bbot_process2_left.png 381w\" sizes=\"(max-width: 300px) 100vw, 300px\" \/>\n<p style=\"text-align: center;\"><span style=\"color: #23979a;\"><strong>Bouteille de boisson (sauf lait), vide,\n<\/strong><\/span><span style=\"color: #23979a;\"><strong> avec \u00e9tiquette, non \u00e9cras\u00e9e<\/strong><\/span><\/p>\n<p style=\"text-align: center;\"><img decoding=\"async\" loading=\"lazy\" class=\"alignnone size-medium wp-image-384\" src=\"\/wp-content\/uploads\/2022\/06\/bbot_process2_right-300x89.png\" alt=\"\" width=\"300\" height=\"89\" srcset=\"https:\/\/b-bot.com\/fr\/wp-content\/uploads\/2022\/06\/bbot_process2_right-300x89.png 300w, https:\/\/b-bot.com\/fr\/wp-content\/uploads\/2022\/06\/bbot_process2_right.png 385w\" sizes=\"(max-width: 300px) 100vw, 300px\" \/><\/p>\n<p style=\"text-align: center;\"><strong><span style=\"color: #e72283;\">Bouteille pleine, \u00e9cras\u00e9e, de lait, de shampooing\net sans \u00e9tiquette<\/span><\/strong><\/p>                            <\/div>\r\n                            \r\n                            <div class=\"mt-timeline-arrow\"><\/div>\r\n                        <\/div>\r\n                        \r\n                        <div class=\"mt-timeline-marker\">\r\n                            <div class=\"mt-timeline-marker-inner\">\r\n                                <svg viewBox=\"0 0 89 84\" xmlns=\"http:\/\/www.w3.org\/2000\/svg\"><g fill=\"#fff\"><path d=\"m50.28 44.11a2 2 0 0 0 1.29-3.7h-.08a30.22 30.22 0 0 1 -5.7-2.89 14 14 0 0 1 -1.91-1.52 14.29 14.29 0 0 1 -1.52-2.66 36.08 36.08 0 0 0 -1.67-3.28 12.49 12.49 0 0 0 -2.69-3.23 7.84 7.84 0 0 0 -3.66-1.6 8.68 8.68 0 0 1 -4.11 1.07 7.87 7.87 0 0 1 -4.23-1.14 8.37 8.37 0 0 0 -4.19 1.9 8.19 8.19 0 0 0 -2.43 4l-.84 3.5c-1 4.49-2 8.9-3 13.39a2 2 0 0 0 3.88.92c1.14-4.42 4-15 4-15l-1.15 14.88a3 3 0 0 0 1.44 2.74c-.71 9.82-1.37 19.71-1.97 29.51a2.51 2.51 0 0 0 2.2 2.66 2.55 2.55 0 0 0 2.82-2.2c1.06-9.06 2-18.12 3-27.25h1l3 27.25a2.52 2.52 0 0 0 5-.46l-2-29.53a2.92 2.92 0 0 0 1.53-2.74l-1.29-15.66c.38.69 1.75 3.43 2.06 4a6.58 6.58 0 0 0 1.37 1.93 15.82 15.82 0 0 0 3.27 2.36 31.46 31.46 0 0 0 6.58 2.75z\"\/><circle cx=\"30.18\" cy=\"17.85\" r=\"6.39\"\/><path d=\"m54.93 35.73v-.39h.31v-.41h-.16v-1h-2.08v1h-.15v.42h.3v.38a2.56 2.56 0 0 0 -1.68 2.4v.87a.53.53 0 0 0 .19.4v.24a.51.51 0 0 0 -.19.39v.71a.51.51 0 0 0 .19.39v.24a.52.52 0 0 0 -.18.4v6.7a.52.52 0 0 0 .52.53h4a.53.53 0 0 0 .53-.53v-6.67a.51.51 0 0 0 -.19-.4v-.24a.49.49 0 0 0 .19-.39v-.71a.49.49 0 0 0 -.19-.39v-.24a.51.51 0 0 0 .19-.4v-.9a2.55 2.55 0 0 0 -1.6-2.4z\"\/><rect height=\"23.04\" rx=\"2.99\" width=\"22.52\" x=\"50.96\" y=\"60.73\"\/><\/g><ellipse cx=\"62.22\" cy=\"60.73\" fill=\"none\" rx=\"5.43\" ry=\"6\" stroke=\"#fff\" stroke-miterlimit=\"10\" stroke-width=\"1.5\"\/><\/svg>                            <\/div>\r\n                        <\/div>\r\n\r\n                                            <\/div>\r\n                                        <div class=\"mt-timeline-block mt-timeline-block-odd elementor-repeater-item-92ebbb8\" >\r\n\r\n                        <div class=\"mt-timeline-content\">\r\n\r\n                                                        <div class=\"mt-timeline-date\">\r\n                                <span class=\"date\">Apportez vos bouteilles<\/span>\r\n                            <\/div>\r\n                                                        \r\n                                                        <h3 class=\"mt-timeline-title\">\r\n                                Scannez vos bouteilles code-barres vers le haut et le tour est jou\u00e9 !                            <\/h3>\r\n                                                        \r\n                                                        <div class=\"mt-timeline-content-text\">\r\n                                <span style=\"color: #23979a;\"><strong>Pourquoi j\u2019ai besoin de scanner ma bouteille ?<\/strong><\/span>\n\nLe code-barres permet \u00e0 b:bot de v\u00e9rifier que c\u2019est une bouteille accept\u00e9e et d\u2019identifier sa couleur. Les plastiques color\u00e9s ne se recyclent pas de la m\u00eame mani\u00e8re que les plastiques transparents.\n<p style=\"text-align: center;\"><span style=\"color: #23979a;\"><strong>Petit conseil:<\/strong><\/span><\/p>\n<p style=\"text-align: center;\"><span style=\"color: #23979a;\"><strong>Pr\u00e9sentez bien le code-barres vers le haut\net d\u00e9posez apr\u00e8s avoir entendu le bip.<\/strong><\/span><\/p>\n<img decoding=\"async\" loading=\"lazy\" class=\"alignnone size-medium wp-image-409 aligncenter\" src=\"\/wp-content\/uploads\/2022\/06\/bbot_process3_right-266x300.png\" alt=\"\" width=\"266\" height=\"300\" srcset=\"https:\/\/b-bot.com\/fr\/wp-content\/uploads\/2022\/06\/bbot_process3_right-266x300.png 266w, https:\/\/b-bot.com\/fr\/wp-content\/uploads\/2022\/06\/bbot_process3_right.png 285w\" sizes=\"(max-width: 266px) 100vw, 266px\" \/>                            <\/div>\r\n                            \r\n                            <div class=\"mt-timeline-arrow\"><\/div>\r\n                        <\/div>\r\n                        \r\n                        <div class=\"mt-timeline-marker\">\r\n                            <div class=\"mt-timeline-marker-inner\">\r\n                                <svg viewBox=\"0 0 89 84\" xmlns=\"http:\/\/www.w3.org\/2000\/svg\"><g fill=\"#fff\"><path d=\"m87 .24h-40.72a1.85 1.85 0 0 0 -1.84 1.83v38.26a1.85 1.85 0 0 0 1.84 1.83h40.72a1.83 1.83 0 0 0 1.83-1.83v-38.26a1.83 1.83 0 0 0 -1.83-1.83zm-21.83 33.66h-16.48v-29.35h16.48zm12.17-7.2a6.17 6.17 0 1 1 6.17-6.17 6.17 6.17 0 0 1 -6.17 6.17z\"\/><path d=\"m87 42.16h-40.72a1.86 1.86 0 0 0 -1.84 1.84v37.93a1.85 1.85 0 0 0 1.84 1.83h40.72a1.83 1.83 0 0 0 1.83-1.83v-37.93a1.85 1.85 0 0 0 -1.83-1.84zm-2.1 34.92a1.47 1.47 0 0 1 -1.47 1.47h-33.27a1.47 1.47 0 0 1 -1.47-1.47v-29.71a1.47 1.47 0 0 1 1.47-1.47h33.27a1.47 1.47 0 0 1 1.47 1.47z\"\/><path d=\"m34.92 44.11a2 2 0 0 0 1.3-3.7h-.08a30.61 30.61 0 0 1 -5.71-2.89 13.91 13.91 0 0 1 -1.9-1.52 13.2 13.2 0 0 1 -1.53-2.62 33.77 33.77 0 0 0 -1.68-3.28 12.12 12.12 0 0 0 -2.74-3.27 7.85 7.85 0 0 0 -3.65-1.6 8.68 8.68 0 0 1 -4.11 1.07 7.91 7.91 0 0 1 -4.19-1.14 8.38 8.38 0 0 0 -4.18 1.9 8.2 8.2 0 0 0 -2.45 3.94l-.83 3.5c-1 4.49-2 8.9-3 13.39a2 2 0 0 0 1.44 2.36 2 2 0 0 0 2.48-1.36v-.05c1.14-4.42 4-15 4-15l-1.18 14.91a3 3 0 0 0 1.45 2.74c-.68 9.82-1.36 19.71-1.98 29.51a2.52 2.52 0 0 0 5 .46c1.07-9.06 2.06-18.12 3-27.25h1l3 27.25a2.52 2.52 0 0 0 5-.46l-2-29.53a2.91 2.91 0 0 0 1.62-2.72l-1.32-15.68c.38.69 1.75 3.43 2.05 4a6.92 6.92 0 0 0 1.37 1.93 15.88 15.88 0 0 0 3.28 2.36 31 31 0 0 0 6.54 2.75z\"\/><circle cx=\"14.83\" cy=\"17.85\" r=\"6.39\"\/><path d=\"m39.58 35.73v-.39h.3v-.41h-.15v-1h-2v1h-.16v.42h.31v.38a2.56 2.56 0 0 0 -1.68 2.4v.87a.53.53 0 0 0 .19.4v.24a.51.51 0 0 0 -.19.39v.71a.51.51 0 0 0 .19.39v.24a.53.53 0 0 0 -.19.4v6.7a.53.53 0 0 0 .53.53h4a.53.53 0 0 0 .53-.53v-6.67a.53.53 0 0 0 -.19-.4v-.24a.51.51 0 0 0 .19-.39v-.71a.51.51 0 0 0 -.19-.39v-.24a.53.53 0 0 0 .19-.4v-.9a2.56 2.56 0 0 0 -1.68-2.4z\"\/><\/g><\/svg>                            <\/div>\r\n                        <\/div>\r\n\r\n                                            <\/div>\r\n                                        <div class=\"mt-timeline-block mt-timeline-block-odd elementor-repeater-item-3af38bb\" >\r\n\r\n                        <div class=\"mt-timeline-content\">\r\n\r\n                                                        <div class=\"mt-timeline-date\">\r\n                                <span class=\"date\">Admirez la magie&nbsp;: les bouteilles deviennent de petits morceaux de plastique !<\/span>\r\n                            <\/div>\r\n                                                        \r\n                                                        \r\n                                                        <div class=\"mt-timeline-content-text\">\r\n                                La seule chose \u00e0 faire \u00e0 ce moment l\u00e0, c\u2019est admirer votre chef-d\u2019oeuvre \u201cla bouteille qui se transforme en plastique d\u00e9coup\u00e9 en petits morceaux\u201d.\n\nVous pouvez \u00eatre fier de vous puisque vous venez de r\u00e9ussir un \u201c100% recycl\u00e9\u201d.\n\n<img decoding=\"async\" loading=\"lazy\" class=\"aligncenter wp-image-449\" src=\"\/wp-content\/uploads\/2022\/06\/paillette-bbot-V-2.gif\" alt=\"\" width=\"250\" height=\"250\" \/>                            <\/div>\r\n                            \r\n                            <div class=\"mt-timeline-arrow\"><\/div>\r\n                        <\/div>\r\n                        \r\n                        <div class=\"mt-timeline-marker\">\r\n                            <div class=\"mt-timeline-marker-inner\">\r\n                                <svg viewBox=\"0 0 89 84\" xmlns=\"http:\/\/www.w3.org\/2000\/svg\"><path d=\"m52.36 36.46v-.85a1.11 1.11 0 0 0 -.41-.86l-.17-.14.18-.16a1 1 0 0 0 .4-.84v-4.77a9.58 9.58 0 0 0 -1.83-5.68l-2.34-3.24a1.09 1.09 0 0 0 .81-1.06v-.36a1.08 1.08 0 0 0 -.29-.74l-.06-.07-.11-2.57a2 2 0 0 0 -1.36-1.81l-.24-.08a6.4 6.4 0 0 0 -1.94-.31h-1a6.27 6.27 0 0 0 -1.92.31l-.24.08a2 2 0 0 0 -1.36 1.81l-.12 2.57v.07a1.08 1.08 0 0 0 -.29.74v.36a1.1 1.1 0 0 0 .79 1.06l-2.34 3.24a9.58 9.58 0 0 0 -1.83 5.68v4.16a1.08 1.08 0 0 0 .31.76l.49.51-.52.57a1.12 1.12 0 0 0 -.28.74l.13 12.19m7.18-32.65h1a4 4 0 0 1 1.23.2h.08l.1 2h-3.83l.09-2h.1a4 4 0 0 1 1.23-.2zm-5.15 31.18v-10.3l.46-.51h7.08a1.1 1.1 0 0 0 0-2.2h-6.83l-.72-.75v-3.7a7.48 7.48 0 0 1 1.42-4.4l2.48-3.44a1.79 1.79 0 0 0 .34-1v-.4h2.86v.34a1.8 1.8 0 0 0 .31 1.06l2.49 3.44a7.48 7.48 0 0 1 1.42 4.4v4.25l-.84.69a1.1 1.1 0 0 0 -.16 1.55l.16.16.82.65v1.92m-10.94 19h.18\" fill=\"#fff\"\/><g fill=\"none\" stroke=\"#fff\"><path d=\"m26.27 57.28 35.73-25.58a.27.27 0 0 1 .38.06.28.28 0 0 1 -.06.38l-35.74 25.58a.27.27 0 0 1 -.37-.07.26.26 0 0 1 .05-.36z\" stroke-miterlimit=\"9.96\" stroke-width=\"1.49\"\/><path d=\"m43.73 69.28 3.24-1.86 2.35 2.44-3.3 3.45z\" stroke-miterlimit=\"10\" stroke-width=\"1.5\"\/><path d=\"m47.82 60.57.47-2.52 2.31-.15.35 3.26z\" stroke-miterlimit=\"10\" stroke-width=\"1.5\"\/><path d=\"m37.48 53.39 5.15.41-.02 3.9-3.34-.73z\" stroke-miterlimit=\"10\" stroke-width=\"1.5\"\/><path d=\"m49.02 46.76 4.48-1.22-.72 2.69-1.92 1.77z\" stroke-miterlimit=\"10\" stroke-width=\"1.5\"\/><\/g><\/svg>                            <\/div>\r\n                        <\/div>\r\n\r\n                                            <\/div>\r\n                                        <div class=\"mt-timeline-block mt-timeline-block-odd elementor-repeater-item-ecbf328\" >\r\n\r\n                        <div class=\"mt-timeline-content\">\r\n\r\n                                                        <div class=\"mt-timeline-date\">\r\n                                <span class=\"date\"> Chaque bouteille d\u00e9pos\u00e9e rapporte des euros<\/span>\r\n                            <\/div>\r\n                                                        \r\n                                                        <h3 class=\"mt-timeline-title\">\r\n                                La cerise sur le g\u00e2teau !                            <\/h3>\r\n                                                        \r\n                                                        <div class=\"mt-timeline-content-text\">\r\n                                En fonction des magasins, la r\u00e9compense pour chaque bouteille est de 0,01\u20ac ou 0,02\u20ac que vous pouvez donner \u00e0 une association ou utiliser en bon d\u2019achat.\n\n<img decoding=\"async\" loading=\"lazy\" class=\"aligncenter size-full wp-image-458\" src=\"\/wp-content\/uploads\/2022\/06\/bbot_process5_full.png\" alt=\"\" width=\"906\" height=\"278\" data-wp-editing=\"1\" srcset=\"https:\/\/b-bot.com\/fr\/wp-content\/uploads\/2022\/06\/bbot_process5_full.png 906w, https:\/\/b-bot.com\/fr\/wp-content\/uploads\/2022\/06\/bbot_process5_full-300x92.png 300w, https:\/\/b-bot.com\/fr\/wp-content\/uploads\/2022\/06\/bbot_process5_full-768x236.png 768w\" sizes=\"(max-width: 906px) 100vw, 906px\" \/>                            <\/div>\r\n                            \r\n                            <div class=\"mt-timeline-arrow\"><\/div>\r\n                        <\/div>\r\n                        \r\n                        <div class=\"mt-timeline-marker\">\r\n                            <div class=\"mt-timeline-marker-inner\">\r\n                                <svg viewBox=\"0 0 89 84\" xmlns=\"http:\/\/www.w3.org\/2000\/svg\"><path d=\"m61 37a9.31 9.31 0 0 1 .61 2.43 18.11 18.11 0 0 1 .18 2.31c0 8.81-7.9 16-17.65 16s-17.65-7.14-17.65-16c0-4.55 3.44-9.59 3.52-9.56s-.43 1.07-.74 2c-.49 1.47-2.74 8.93 1.63 15.11s12.1 6.32 13.34 6.35a18.18 18.18 0 0 0 10-2.82 19.24 19.24 0 0 0 4.76-4.52 11.61 11.61 0 0 0 1.77-3.42 12 12 0 0 0 .32-1.33 23.65 23.65 0 0 0 -.09-6.55z\" fill=\"#fff\"\/><g fill=\"none\" stroke=\"#fff\" stroke-miterlimit=\"10\" stroke-width=\"1.5\"><path d=\"m61.66 23.79 5.89-5.89a.26.26 0 0 1 .38 0 .26.26 0 0 1 0 .38l-5.93 5.89a.28.28 0 0 1 -.38 0 .28.28 0 0 1 .04-.38z\"\/><path d=\"m68 40.87h8.3a.27.27 0 0 1 .27.27.27.27 0 0 1 -.27.27h-8.3a.27.27 0 0 1 -.27-.27.27.27 0 0 1 .27-.27z\"\/><path d=\"m61 57.69 5.89 5.89a.29.29 0 0 1 0 .39.28.28 0 0 1 -.38 0l-5.89-5.9a.26.26 0 0 1 0-.38.28.28 0 0 1 .38 0z\"\/><rect height=\"8.87\" rx=\".27\" width=\".54\" x=\"44.25\" y=\"64.24\"\/><path d=\"m21.86 63.58 5.89-5.89a.28.28 0 0 1 .38 0 .26.26 0 0 1 0 .38l-5.89 5.93a.28.28 0 0 1 -.38 0 .29.29 0 0 1 0-.42z\"\/><path d=\"m12.72 40.6h8.33a.27.27 0 0 1 .27.27.27.27 0 0 1 -.27.27h-8.33a.27.27 0 0 1 -.27-.27.27.27 0 0 1 .27-.27z\"\/><path d=\"m27.76 24.64-5.89-5.89a.26.26 0 0 1 0-.38.26.26 0 0 1 .38 0l5.89 5.89a.26.26 0 0 1 0 .38.26.26 0 0 1 -.38 0z\"\/><path d=\"m44.25 17.44v-8.33a.27.27 0 0 1 .27-.27.27.27 0 0 1 .27.27v8.33a.27.27 0 0 1 -.27.27.27.27 0 0 1 -.27-.27z\"\/><rect height=\".13\" rx=\".06\" transform=\"matrix(.5 -.8660254 .8660254 .5 14.5 55.86)\" width=\"8.87\" x=\"51.19\" y=\"15.31\"\/><rect height=\"8.87\" rx=\".06\" transform=\"matrix(.93035359 -.36666361 .36666361 .93035359 -3.14 13.32)\" width=\".13\" x=\"33.44\" y=\"10.48\"\/><rect height=\"8.87\" rx=\".06\" transform=\"matrix(.37961763 -.92514348 .92514348 .37961763 -16.51 36.74)\" width=\".13\" x=\"19.08\" y=\"26.24\"\/><rect height=\".13\" rx=\".06\" transform=\"matrix(.93035359 -.36666361 .36666361 .93035359 -6.11 28.17)\" width=\"8.87\" x=\"66.66\" y=\"30.11\"\/><rect height=\"8.87\" rx=\".06\" transform=\"matrix(.37961763 -.92514348 .92514348 .37961763 -4.58 97.47)\" width=\".13\" x=\"70.32\" y=\"47.72\"\/><rect height=\"8.87\" rx=\".06\" transform=\"matrix(.90623401 -.42277644 .42277644 .90623401 -23.01 29.5)\" width=\".13\" x=\"54.94\" y=\"62.18\"\/><rect height=\".13\" rx=\".06\" transform=\"matrix(.5 -.8660254 .8660254 .5 -40.37 62.4)\" width=\"8.87\" x=\"29.42\" y=\"66.1\"\/><rect height=\".13\" rx=\".06\" transform=\"matrix(.93035359 -.36666361 .36666361 .93035359 -17.65 10.42)\" width=\"8.87\" x=\"14.16\" y=\"51.59\"\/><ellipse cx=\"44.53\" cy=\"40.01\" rx=\"16.53\" ry=\"15.29\"\/><\/g><text fill=\"#fff\" font-family=\"MontserratAlternates-ExtraBoldItalic, Montserrat Alternates\" font-size=\"27\" font-style=\"italic\" font-weight=\"800\" transform=\"translate(31.84 49.38)\">\u20ac<\/text><\/svg>                            <\/div>\r\n                        <\/div>\r\n\r\n                                            <\/div>\r\n                                    <\/div>\r\n            \r\n            <div class=\"mt-timeline-line\">\r\n                <div class=\"mt-timeline-line-inner\"><\/div>\r\n            <\/div>\r\n        <\/div>\r\n\r\n        \t\t<\/div>\n\t\t\t\t<\/div>\n\t\t\t\t\t<\/div>\n\t\t\t\t<\/div>\n\t\t<div class=\"elementor-element elementor-element-1671b992 e-con-boxed e-con\" data-id=\"1671b992\" data-element_type=\"container\" data-settings=\"{&quot;content_width&quot;:&quot;boxed&quot;}\">\n\t\t\t\t\t<div class=\"e-con-inner\">\n\t\t\t\t<div class=\"elementor-element elementor-element-2426ebd5 elementor-align-center elementor-invisible elementor-widget elementor-widget-button\" data-id=\"2426ebd5\" data-element_type=\"widget\" data-settings=\"{&quot;_animation&quot;:&quot;zoomIn&quot;,&quot;_animation_delay&quot;:1000}\" data-widget_type=\"button.default\">\n\t\t\t\t<div class=\"elementor-widget-container\">\n\t\t\t\t\t<div class=\"elementor-button-wrapper\">\n\t\t\t<a href=\"https:\/\/b-bot.com\/fr\" class=\"elementor-button-link elementor-button elementor-size-lg\" role=\"button\">\n\t\t\t\t\t\t<span class=\"elementor-button-content-wrapper\">\n\t\t\t\t\t\t<span class=\"elementor-button-text\">Trouvez la b:bot<br>pr\u00e8s de chez vous !<\/span>\n\t\t<\/span>\n\t\t\t\t\t<\/a>\n\t\t<\/div>\n\t\t\t\t<\/div>\n\t\t\t\t<\/div>\n\t\t\t\t\t<\/div>\n\t\t\t\t<\/div>\n\t\t\t\t\t\t\t<\/div>\n\t\t","protected":false},"excerpt":{"rendered":"<p>Recycler ses bouteillesc&rsquo;est simple comme b:bot Triez \u00e0 la maison Pour vous simplifier la vie, d\u00e9posez vos bouteilles vides directement dans vos sacs de course. B:bot accepte toutes les bouteilles boissons en PET jusqu\u2019\u00e0 2,5 litres, vides et avec leurs \u00e9tiquettes pour avoir le code-barres qui permet de les reconna\u00eetre. Afin de produire du plastique [&hellip;]<\/p>\n","protected":false},"author":1,"featured_media":0,"parent":0,"menu_order":0,"comment_status":"closed","ping_status":"closed","template":"","meta":[],"acf":[],"_links":{"self":[{"href":"https:\/\/b-bot.com\/fr\/wp-json\/wp\/v2\/pages\/1833"}],"collection":[{"href":"https:\/\/b-bot.com\/fr\/wp-json\/wp\/v2\/pages"}],"about":[{"href":"https:\/\/b-bot.com\/fr\/wp-json\/wp\/v2\/types\/page"}],"author":[{"embeddable":true,"href":"https:\/\/b-bot.com\/fr\/wp-json\/wp\/v2\/users\/1"}],"replies":[{"embeddable":true,"href":"https:\/\/b-bot.com\/fr\/wp-json\/wp\/v2\/comments?post=1833"}],"version-history":[{"count":49,"href":"https:\/\/b-bot.com\/fr\/wp-json\/wp\/v2\/pages\/1833\/revisions"}],"predecessor-version":[{"id":3876,"href":"https:\/\/b-bot.com\/fr\/wp-json\/wp\/v2\/pages\/1833\/revisions\/3876"}],"wp:attachment":[{"href":"https:\/\/b-bot.com\/fr\/wp-json\/wp\/v2\/media?parent=1833"}],"curies":[{"name":"wp","href":"https:\/\/api.w.org\/{rel}","templated":true}]}}