{"id":2663,"date":"2022-06-09T12:10:33","date_gmt":"2022-06-09T10:10:33","guid":{"rendered":"https:\/\/www.b-bot.com\/informacje-prawne\/"},"modified":"2025-01-27T09:40:37","modified_gmt":"2025-01-27T08:40:37","slug":"informacje-prawne","status":"publish","type":"page","link":"https:\/\/b-bot.com\/fr\/pl\/informacje-prawne\/","title":{"rendered":"Informacje prawne"},"content":{"rendered":"\n<h2>Greenbig SAS<\/h2>\n\n<p>Prezes:<br\/><br\/><br\/><br\/><br\/><br\/>Benoit Paget R.C.S. de Rouen Kapita\u0142: \u20ac339,707 Kod APE: 3821Z Syrena: 833953631 Siedziba: 107 quai Jean de B\u00e9thencourt C\/O Village By CA, 76100 Rouen TVA intracom. FR45833953631 <\/p>\n\n<h3><strong>Hosting<\/strong><\/h3>\n\n<p><br\/>OVH, 2 rue Kellermann BP 80157 59053 Roubaix cedex 1<\/p>\n\n<h3><strong>Kontakt<\/strong><\/h3>\n\n<p><br\/><br\/>GreenBig &#8211; 107 quai Jean de B\u00e9thencourt C\/O Village By CA, 76100 Rouen Telefon: 01 84 60 63 68 E-mail: info@b-bot.com<\/p>\n\n<h3><strong>Formularz kontaktowy<\/strong><\/h3>\n\n<p>Je\u015bli wype\u0142nisz formularz kontaktowy, zostaniesz poproszony o podanie imienia i nazwiska, adresu e-mail, firmy, tematu zapytania i wiadomo\u015bci, kt\u00f3r\u0105 chcesz otrzyma\u0107.<br\/>GreenBig zobowi\u0105zuje si\u0119 do ochrony danych u\u017cytkownika i do korzystania z formularza kontaktowego wy\u0142\u0105cznie w celu komunikowania si\u0119 w sprawie r\u00f3\u017cnych zapyta\u0144.<\/p>\n\n<h3><strong>Google Analytics<\/strong><\/h3>\n\n<p><br\/>Nasz zesp\u00f3\u0142 cyfrowy korzysta z narz\u0119dzi do analizy ruchu na tej stronie w zwi\u0105zku z jej u\u017cytkowaniem. W zwi\u0105zku z tym gromadzimy dane statystyczne i demograficzne: s\u0105 one wykorzystywane wy\u0142\u0105cznie wewn\u0119trznie w celu ulepszenia naszej platformy.<\/p>\n","protected":false},"excerpt":{"rendered":"<p>Greenbig SAS Prezes: Benoit Paget R.C.S. de Rouen Kapita\u0142: \u20ac339,707 Kod APE: 3821Z Syrena: 833953631 Siedziba: 107 quai Jean de B\u00e9thencourt C\/O Village By CA, 76100 Rouen TVA intracom. FR45833953631 Hosting OVH, 2 rue Kellermann BP 80157 59053 Roubaix cedex 1 Kontakt GreenBig &#8211; 107 quai Jean de B\u00e9thencourt C\/O Village By CA, 76100 Rouen [&hellip;]<\/p>\n","protected":false},"author":1,"featured_media":0,"parent":0,"menu_order":0,"comment_status":"closed","ping_status":"closed","template":"","meta":[],"acf":[],"_links":{"self":[{"href":"https:\/\/b-bot.com\/fr\/pl\/wp-json\/wp\/v2\/pages\/2663"}],"collection":[{"href":"https:\/\/b-bot.com\/fr\/pl\/wp-json\/wp\/v2\/pages"}],"about":[{"href":"https:\/\/b-bot.com\/fr\/pl\/wp-json\/wp\/v2\/types\/page"}],"author":[{"embeddable":true,"href":"https:\/\/b-bot.com\/fr\/pl\/wp-json\/wp\/v2\/users\/1"}],"replies":[{"embeddable":true,"href":"https:\/\/b-bot.com\/fr\/pl\/wp-json\/wp\/v2\/comments?post=2663"}],"version-history":[{"count":2,"href":"https:\/\/b-bot.com\/fr\/pl\/wp-json\/wp\/v2\/pages\/2663\/revisions"}],"predecessor-version":[{"id":2665,"href":"https:\/\/b-bot.com\/fr\/pl\/wp-json\/wp\/v2\/pages\/2663\/revisions\/2665"}],"wp:attachment":[{"href":"https:\/\/b-bot.com\/fr\/pl\/wp-json\/wp\/v2\/media?parent=2663"}],"curies":[{"name":"wp","href":"https:\/\/api.w.org\/{rel}","templated":true}]}}