{"id":2611,"date":"2022-06-09T12:05:56","date_gmt":"2022-06-09T10:05:56","guid":{"rendered":"https:\/\/www.b-bot.com\/prasa\/"},"modified":"2025-01-27T09:40:26","modified_gmt":"2025-01-27T08:40:26","slug":"prasa","status":"publish","type":"page","link":"https:\/\/b-bot.com\/fr\/pl\/prasa\/","title":{"rendered":"Prasa"},"content":{"rendered":"\t\t<div data-elementor-type=\"wp-page\" data-elementor-id=\"2611\" class=\"elementor elementor-2611 elementor-30\">\n\t\t\t\t\t\t\t<div class=\"elementor-element elementor-element-88fcc39 e-con-boxed e-con\" data-id=\"88fcc39\" data-element_type=\"container\" data-settings=\"{&quot;content_width&quot;:&quot;boxed&quot;}\">\n\t\t\t\t\t<div class=\"e-con-inner\">\n\t\t<div class=\"elementor-element elementor-element-bc192ee e-con-full e-con\" data-id=\"bc192ee\" data-element_type=\"container\" data-settings=\"{&quot;content_width&quot;:&quot;full&quot;}\">\n\t\t\t\t<div class=\"elementor-element elementor-element-973219a elementor-widget elementor-widget-image\" data-id=\"973219a\" data-element_type=\"widget\" data-widget_type=\"image.default\">\n\t\t\t\t<div class=\"elementor-widget-container\">\n\t\t\t<style>\/*! elementor - v3.10.1 - 17-01-2023 *\/\n.elementor-widget-image{text-align:center}.elementor-widget-image a{display:inline-block}.elementor-widget-image a img[src$=\".svg\"]{width:48px}.elementor-widget-image img{vertical-align:middle;display:inline-block}<\/style>\t\t\t\t\t\t\t\t\t\t\t\t<img decoding=\"async\" width=\"612\" height=\"715\" src=\"https:\/\/b-bot.com\/fr\/wp-content\/uploads\/2022\/06\/PHOTO-1.png\" class=\"attachment-large size-large wp-image-777\" alt=\"\" loading=\"lazy\" srcset=\"https:\/\/b-bot.com\/fr\/wp-content\/uploads\/2022\/06\/PHOTO-1.png 612w, https:\/\/b-bot.com\/fr\/wp-content\/uploads\/2022\/06\/PHOTO-1-257x300.png 257w\" sizes=\"(max-width: 612px) 100vw, 612px\" \/>\t\t\t\t\t\t\t\t\t\t\t\t\t\t\t<\/div>\n\t\t\t\t<\/div>\n\t\t\t\t<\/div>\n\t\t<div class=\"elementor-element elementor-element-9b7392d e-con-full e-con\" data-id=\"9b7392d\" data-element_type=\"container\" data-settings=\"{&quot;content_width&quot;:&quot;full&quot;}\">\n\t\t\t\t<div class=\"elementor-element elementor-element-62ab0d4 elementor-widget elementor-widget-text-editor\" data-id=\"62ab0d4\" data-element_type=\"widget\" data-widget_type=\"text-editor.default\">\n\t\t\t\t<div class=\"elementor-widget-container\">\n\t\t\t<style>\/*! elementor - v3.10.1 - 17-01-2023 *\/\n.elementor-widget-text-editor.elementor-drop-cap-view-stacked .elementor-drop-cap{background-color:#818a91;color:#fff}.elementor-widget-text-editor.elementor-drop-cap-view-framed .elementor-drop-cap{color:#818a91;border:3px solid;background-color:transparent}.elementor-widget-text-editor:not(.elementor-drop-cap-view-default) .elementor-drop-cap{margin-top:8px}.elementor-widget-text-editor:not(.elementor-drop-cap-view-default) .elementor-drop-cap-letter{width:1em;height:1em}.elementor-widget-text-editor .elementor-drop-cap{float:left;text-align:center;line-height:1;font-size:50px}.elementor-widget-text-editor .elementor-drop-cap-letter{display:inline-block}<\/style>\t\t\t\t<p>Niezale\u017cnie od tego, czy chodzi o wywiady, czy artyku\u0142y, b:bot uwielbia by\u0107 w centrum uwagi i pokazywa\u0107, na co j\u0105 sta\u0107.<\/p>\n\t\t\t\t\t\t<\/div>\n\t\t\t\t<\/div>\n\t\t\t\t<div class=\"elementor-element elementor-element-139318e elementor-widget elementor-widget-heading\" data-id=\"139318e\" data-element_type=\"widget\" data-widget_type=\"heading.default\">\n\t\t\t\t<div class=\"elementor-widget-container\">\n\t\t\t<style>\/*! elementor - v3.10.1 - 17-01-2023 *\/\n.elementor-heading-title{padding:0;margin:0;line-height:1}.elementor-widget-heading .elementor-heading-title[class*=elementor-size-]>a{color:inherit;font-size:inherit;line-height:inherit}.elementor-widget-heading .elementor-heading-title.elementor-size-small{font-size:15px}.elementor-widget-heading .elementor-heading-title.elementor-size-medium{font-size:19px}.elementor-widget-heading .elementor-heading-title.elementor-size-large{font-size:29px}.elementor-widget-heading .elementor-heading-title.elementor-size-xl{font-size:39px}.elementor-widget-heading .elementor-heading-title.elementor-size-xxl{font-size:59px}<\/style><h2 class=\"elementor-heading-title elementor-size-default\">Czy rozmawiamy o tym?<\/h2>\t\t<\/div>\n\t\t\t\t<\/div>\n\t\t\t\t<div class=\"elementor-element elementor-element-f292326 elementor-widget elementor-widget-text-editor\" data-id=\"f292326\" data-element_type=\"widget\" data-widget_type=\"text-editor.default\">\n\t\t\t\t<div class=\"elementor-widget-container\">\n\t\t\t\t\t\t\t<p>Skontaktuj si\u0119 z nami<\/p>\n\t\t\t\t\t\t<\/div>\n\t\t\t\t<\/div>\n\t\t\t\t<div class=\"elementor-element elementor-element-1fc3a4e elementor-widget elementor-widget-mt-linkeffects\" data-id=\"1fc3a4e\" data-element_type=\"widget\" data-widget_type=\"mt-linkeffects.default\">\n\t\t\t\t<div class=\"elementor-widget-container\">\n\t\t\t\r\n        <div class=\"mt-link-effects\">\r\n\r\n            \r\n            \r\n            <a data-hover=\"01 84 60 63 68\" class=\"mt-link-effect mt-link-effect-s5\" href=\"tel:+184606368\" >\r\n                <span data-hover=\"01 84 60 63 68\" class=\"link-text\">01 84 60 63 68<\/span>\r\n            <\/a>\r\n            \r\n            \r\n        <\/div>\r\n\r\n        \t\t<\/div>\n\t\t\t\t<\/div>\n\t\t\t\t<div class=\"elementor-element elementor-element-0c880fc elementor-widget elementor-widget-mt-linkeffects\" data-id=\"0c880fc\" data-element_type=\"widget\" data-widget_type=\"mt-linkeffects.default\">\n\t\t\t\t<div class=\"elementor-widget-container\">\n\t\t\t\r\n        <div class=\"mt-link-effects\">\r\n\r\n            \r\n            \r\n            <a data-hover=\"presse@b-bot.com\" class=\"mt-link-effect mt-link-effect-s5\" href=\"mailto:presse@b-bot.com\" >\r\n                <span data-hover=\"presse@b-bot.com\" class=\"link-text\">presse@b-bot.com<\/span>\r\n            <\/a>\r\n            \r\n            \r\n        <\/div>\r\n\r\n        \t\t<\/div>\n\t\t\t\t<\/div>\n\t\t\t\t<\/div>\n\t\t\t\t\t<\/div>\n\t\t\t\t<\/div>\n\t\t\t\t\t\t\t<\/div>\n\t\t","protected":false},"excerpt":{"rendered":"<p>Niezale\u017cnie od tego, czy chodzi o wywiady, czy artyku\u0142y, b:bot uwielbia by\u0107 w centrum uwagi i pokazywa\u0107, na co j\u0105 sta\u0107. Czy rozmawiamy o tym? Skontaktuj si\u0119 z nami 01 84 60 63 68 presse@b-bot.com<\/p>\n","protected":false},"author":1,"featured_media":0,"parent":0,"menu_order":0,"comment_status":"closed","ping_status":"closed","template":"","meta":[],"acf":[],"_links":{"self":[{"href":"https:\/\/b-bot.com\/fr\/pl\/wp-json\/wp\/v2\/pages\/2611"}],"collection":[{"href":"https:\/\/b-bot.com\/fr\/pl\/wp-json\/wp\/v2\/pages"}],"about":[{"href":"https:\/\/b-bot.com\/fr\/pl\/wp-json\/wp\/v2\/types\/page"}],"author":[{"embeddable":true,"href":"https:\/\/b-bot.com\/fr\/pl\/wp-json\/wp\/v2\/users\/1"}],"replies":[{"embeddable":true,"href":"https:\/\/b-bot.com\/fr\/pl\/wp-json\/wp\/v2\/comments?post=2611"}],"version-history":[{"count":2,"href":"https:\/\/b-bot.com\/fr\/pl\/wp-json\/wp\/v2\/pages\/2611\/revisions"}],"predecessor-version":[{"id":2618,"href":"https:\/\/b-bot.com\/fr\/pl\/wp-json\/wp\/v2\/pages\/2611\/revisions\/2618"}],"wp:attachment":[{"href":"https:\/\/b-bot.com\/fr\/pl\/wp-json\/wp\/v2\/media?parent=2611"}],"curies":[{"name":"wp","href":"https:\/\/api.w.org\/{rel}","templated":true}]}}