{"id":2607,"date":"2022-06-09T12:05:06","date_gmt":"2022-06-09T10:05:06","guid":{"rendered":"https:\/\/www.b-bot.com\/wladze-lokalne\/"},"modified":"2025-01-28T14:34:09","modified_gmt":"2025-01-28T13:34:09","slug":"wladze-lokalne","status":"publish","type":"page","link":"https:\/\/b-bot.com\/fr\/pl\/profesjonalny\/wladze-lokalne\/","title":{"rendered":"W\u0142adze lokalne"},"content":{"rendered":"\t\t<div data-elementor-type=\"wp-page\" data-elementor-id=\"2607\" class=\"elementor elementor-2607 elementor-26\">\n\t\t\t\t\t\t\t<div class=\"elementor-element elementor-element-6f7a619 e-con-boxed e-con\" data-id=\"6f7a619\" data-element_type=\"container\" data-settings=\"{&quot;content_width&quot;:&quot;boxed&quot;}\">\n\t\t\t\t\t<div class=\"e-con-inner\">\n\t\t\t\t<div class=\"elementor-element elementor-element-04a4cde elementor-widget elementor-widget-heading\" data-id=\"04a4cde\" data-element_type=\"widget\" data-widget_type=\"heading.default\">\n\t\t\t\t<div class=\"elementor-widget-container\">\n\t\t\t<style>\/*! elementor - v3.10.1 - 17-01-2023 *\/\n.elementor-heading-title{padding:0;margin:0;line-height:1}.elementor-widget-heading .elementor-heading-title[class*=elementor-size-]>a{color:inherit;font-size:inherit;line-height:inherit}.elementor-widget-heading .elementor-heading-title.elementor-size-small{font-size:15px}.elementor-widget-heading .elementor-heading-title.elementor-size-medium{font-size:19px}.elementor-widget-heading .elementor-heading-title.elementor-size-large{font-size:29px}.elementor-widget-heading .elementor-heading-title.elementor-size-xl{font-size:39px}.elementor-widget-heading .elementor-heading-title.elementor-size-xxl{font-size:59px}<\/style><p class=\"elementor-heading-title elementor-size-default\">Jeste\u015b...<\/p>\t\t<\/div>\n\t\t\t\t<\/div>\n\t\t\t\t<div class=\"elementor-element elementor-element-927e274 elementor-widget elementor-widget-heading\" data-id=\"927e274\" data-element_type=\"widget\" data-widget_type=\"heading.default\">\n\t\t\t\t<div class=\"elementor-widget-container\">\n\t\t\t<h2 class=\"elementor-heading-title elementor-size-default\">W\u0142adze lokalne  <\/h2>\t\t<\/div>\n\t\t\t\t<\/div>\n\t\t\t\t<div class=\"elementor-element elementor-element-07d5041 elementor-widget elementor-widget-heading\" data-id=\"07d5041\" data-element_type=\"widget\" data-widget_type=\"heading.default\">\n\t\t\t\t<div class=\"elementor-widget-container\">\n\t\t\t<p class=\"elementor-heading-title elementor-size-default\">b:bot promuje lokalne korzenie<\/p>\t\t<\/div>\n\t\t\t\t<\/div>\n\t\t\t\t\t<\/div>\n\t\t\t\t<\/div>\n\t\t<div class=\"elementor-element elementor-element-b824ea5 e-con-boxed e-con\" data-id=\"b824ea5\" data-element_type=\"container\" data-settings=\"{&quot;content_width&quot;:&quot;boxed&quot;}\">\n\t\t\t\t\t<div class=\"e-con-inner\">\n\t\t\t\t<div class=\"elementor-element elementor-element-eebdaba elementor-widget elementor-widget-text-editor\" data-id=\"eebdaba\" data-element_type=\"widget\" data-widget_type=\"text-editor.default\">\n\t\t\t\t<div class=\"elementor-widget-container\">\n\t\t\t<style>\/*! elementor - v3.10.1 - 17-01-2023 *\/\n.elementor-widget-text-editor.elementor-drop-cap-view-stacked .elementor-drop-cap{background-color:#818a91;color:#fff}.elementor-widget-text-editor.elementor-drop-cap-view-framed .elementor-drop-cap{color:#818a91;border:3px solid;background-color:transparent}.elementor-widget-text-editor:not(.elementor-drop-cap-view-default) .elementor-drop-cap{margin-top:8px}.elementor-widget-text-editor:not(.elementor-drop-cap-view-default) .elementor-drop-cap-letter{width:1em;height:1em}.elementor-widget-text-editor .elementor-drop-cap{float:left;text-align:center;line-height:1;font-size:50px}.elementor-widget-text-editor .elementor-drop-cap-letter{display:inline-block}<\/style>\t\t\t\t<ul>\n<li><span style=\"color: #23979a;\"><strong>\u0141atwa integracja<\/strong><\/span> z istniej\u0105cymi organizacjami<\/li>\n<li>Promuje tworzenie<span style=\"color: #23979a;\"> <strong>lokalnych p\u0119tli recyklingu<\/strong><\/span><\/li>\n<li><strong><span style=\"color: #23979a;\">Umo\u017cliwia tworzenie partnerstw<\/span><\/strong> miejsca pracy, darowizny na rzecz stowarzysze\u0144 itp.<\/li>\n<li><strong><span style=\"color: #23979a;\">Pobudzanie lokalnego \u017cycia<\/span><\/strong> Informacje, promocja lokalnych sklep\u00f3w&#8230;<\/li>\n<\/ul>\n\t\t\t\t\t\t<\/div>\n\t\t\t\t<\/div>\n\t\t\t\t\t<\/div>\n\t\t\t\t<\/div>\n\t\t<div class=\"elementor-element elementor-element-ce6ef68 e-con-boxed e-con\" data-id=\"ce6ef68\" data-element_type=\"container\" data-settings=\"{&quot;content_width&quot;:&quot;boxed&quot;}\">\n\t\t\t\t\t<div class=\"e-con-inner\">\n\t\t<div class=\"elementor-element elementor-element-2ac7aec e-con-full e-con\" data-id=\"2ac7aec\" data-element_type=\"container\" data-settings=\"{&quot;content_width&quot;:&quot;full&quot;}\">\n\t\t\t\t<div class=\"elementor-element elementor-element-6c58e01 elementor-widget elementor-widget-text-editor\" data-id=\"6c58e01\" data-element_type=\"widget\" data-widget_type=\"text-editor.default\">\n\t\t\t\t<div class=\"elementor-widget-container\">\n\t\t\t\t\t\t\t<p>Chcesz zosta\u0107 <strong>partnerem b:bot<\/strong>?<\/p>\n\t\t\t\t\t\t<\/div>\n\t\t\t\t<\/div>\n\t\t\t\t<\/div>\n\t\t<div class=\"elementor-element elementor-element-f1e525e e-con-full e-con\" data-id=\"f1e525e\" data-element_type=\"container\" data-settings=\"{&quot;content_width&quot;:&quot;full&quot;}\">\n\t\t\t\t<div class=\"elementor-element elementor-element-63afc59 elementor-mobile-align-center elementor-widget elementor-widget-button\" data-id=\"63afc59\" data-element_type=\"widget\" data-widget_type=\"button.default\">\n\t\t\t\t<div class=\"elementor-widget-container\">\n\t\t\t\t\t<div class=\"elementor-button-wrapper\">\n\t\t\t<a href=\"#elementor-action%3Aaction%3Dpopup%3Aopen%26settings%3DeyJpZCI6Mjg0NywidG9nZ2xlIjpmYWxzZX0%3D\" class=\"elementor-button-link elementor-button elementor-size-sm\" role=\"button\">\n\t\t\t\t\t\t<span class=\"elementor-button-content-wrapper\">\n\t\t\t\t\t\t<span class=\"elementor-button-text\">Opisz nam sw\u00f3j projekt tutaj<\/span>\n\t\t<\/span>\n\t\t\t\t\t<\/a>\n\t\t<\/div>\n\t\t\t\t<\/div>\n\t\t\t\t<\/div>\n\t\t\t\t<\/div>\n\t\t\t\t\t<\/div>\n\t\t\t\t<\/div>\n\t\t\t\t\t\t\t<\/div>\n\t\t","protected":false},"excerpt":{"rendered":"<p>Jeste\u015b&#8230; W\u0142adze lokalne b:bot promuje lokalne korzenie \u0141atwa integracja z istniej\u0105cymi organizacjami Promuje tworzenie lokalnych p\u0119tli recyklingu Umo\u017cliwia tworzenie partnerstw miejsca pracy, darowizny na rzecz stowarzysze\u0144 itp. Pobudzanie lokalnego \u017cycia Informacje, promocja lokalnych sklep\u00f3w&#8230; Chcesz zosta\u0107 partnerem b:bot? Opisz nam sw\u00f3j projekt tutaj<\/p>\n","protected":false},"author":1,"featured_media":0,"parent":2608,"menu_order":0,"comment_status":"closed","ping_status":"closed","template":"","meta":[],"acf":[],"_links":{"self":[{"href":"https:\/\/b-bot.com\/fr\/pl\/wp-json\/wp\/v2\/pages\/2607"}],"collection":[{"href":"https:\/\/b-bot.com\/fr\/pl\/wp-json\/wp\/v2\/pages"}],"about":[{"href":"https:\/\/b-bot.com\/fr\/pl\/wp-json\/wp\/v2\/types\/page"}],"author":[{"embeddable":true,"href":"https:\/\/b-bot.com\/fr\/pl\/wp-json\/wp\/v2\/users\/1"}],"replies":[{"embeddable":true,"href":"https:\/\/b-bot.com\/fr\/pl\/wp-json\/wp\/v2\/comments?post=2607"}],"version-history":[{"count":5,"href":"https:\/\/b-bot.com\/fr\/pl\/wp-json\/wp\/v2\/pages\/2607\/revisions"}],"predecessor-version":[{"id":2855,"href":"https:\/\/b-bot.com\/fr\/pl\/wp-json\/wp\/v2\/pages\/2607\/revisions\/2855"}],"up":[{"embeddable":true,"href":"https:\/\/b-bot.com\/fr\/pl\/wp-json\/wp\/v2\/pages\/2608"}],"wp:attachment":[{"href":"https:\/\/b-bot.com\/fr\/pl\/wp-json\/wp\/v2\/media?parent=2607"}],"curies":[{"name":"wp","href":"https:\/\/api.w.org\/{rel}","templated":true}]}}